{"id":725,"date":"2014-06-10T14:53:10","date_gmt":"2014-06-10T13:53:10","guid":{"rendered":"http:\/\/dressler-hassloch.de\/?page_id=725"},"modified":"2018-08-18T08:16:06","modified_gmt":"2018-08-18T07:16:06","slug":"mein-gaestebuch","status":"publish","type":"page","link":"https:\/\/dressler-hassloch.de\/?page_id=725","title":{"rendered":"G\u00e4stebuch"},"content":{"rendered":"<p>Sie r\u00e4umen mir das Recht ein, die hier von Ihnen gemachten Eintr\u00e4ge auf meiner Homepage im G\u00e4stebuch zu ver\u00f6ffentlichen.<\/p>\n<p>Bitte die Absender-Adresse nicht vergessen. Diese wird nat\u00fcrlich nicht ver\u00f6ffentlicht.<\/p>\n<p>Falls sie einen ihren Eintrag gel\u00f6scht haben wollen, so setzen Sie sich bitte mit mir in Verbindung.<\/p>\n<p>&nbsp;<\/p>\n","protected":false},"excerpt":{"rendered":"<p>Sie r\u00e4umen mir das Recht ein, die hier von Ihnen gemachten Eintr\u00e4ge auf meiner Homepage im G\u00e4stebuch zu ver\u00f6ffentlichen. Bitte die Absender-Adresse nicht vergessen. Diese wird nat\u00fcrlich nicht ver\u00f6ffentlicht. Falls sie einen ihren Eintrag gel\u00f6scht haben wollen, so setzen Sie sich bitte mit mir in Verbindung. &nbsp;<\/p>\n","protected":false},"author":1,"featured_media":0,"parent":0,"menu_order":0,"comment_status":"open","ping_status":"open","template":"","meta":[],"_links":{"self":[{"href":"https:\/\/dressler-hassloch.de\/index.php?rest_route=\/wp\/v2\/pages\/725"}],"collection":[{"href":"https:\/\/dressler-hassloch.de\/index.php?rest_route=\/wp\/v2\/pages"}],"about":[{"href":"https:\/\/dressler-hassloch.de\/index.php?rest_route=\/wp\/v2\/types\/page"}],"author":[{"embeddable":true,"href":"https:\/\/dressler-hassloch.de\/index.php?rest_route=\/wp\/v2\/users\/1"}],"replies":[{"embeddable":true,"href":"https:\/\/dressler-hassloch.de\/index.php?rest_route=%2Fwp%2Fv2%2Fcomments&post=725"}],"version-history":[{"count":2,"href":"https:\/\/dressler-hassloch.de\/index.php?rest_route=\/wp\/v2\/pages\/725\/revisions"}],"predecessor-version":[{"id":1889,"href":"https:\/\/dressler-hassloch.de\/index.php?rest_route=\/wp\/v2\/pages\/725\/revisions\/1889"}],"wp:attachment":[{"href":"https:\/\/dressler-hassloch.de\/index.php?rest_route=%2Fwp%2Fv2%2Fmedia&parent=725"}],"curies":[{"name":"wp","href":"https:\/\/api.w.org\/{rel}","templated":true}]}}