{"id":409,"date":"2013-06-14T08:47:18","date_gmt":"2013-06-14T07:47:18","guid":{"rendered":"http:\/\/dressler-hassloch.de\/?page_id=409"},"modified":"2019-04-15T10:31:54","modified_gmt":"2019-04-15T09:31:54","slug":"impressum","status":"publish","type":"page","link":"https:\/\/dressler-hassloch.de\/?page_id=409","title":{"rendered":"Impressum \/ Datenschutz"},"content":{"rendered":"<p><strong>Impressum:<\/strong><\/p>\n<p>Dies ist eine private Internet-Pr\u00e4senz von Herbert Dressler, Luitpoldstra\u00dfe 25, D67454 Ha\u00dfloch<\/p>\n<p>Email: info@dressler-hassloch.de<\/p>\n<p><strong>Datenschutzerkl\u00e4rung:<\/strong><\/p>\n<p>Die Seite registriert Verbindungsdaten und benutzt Cookies sowie Analysetools, um eine bessere Struktur und bessere Bedienung zu erm\u00f6glichen oder Spam abzuwehren.<\/p>\n<p>Meine Seite ist mir WordPress erstellt und verwendet implizit Funktionen von Google, Komoot und Youtube. Auch Google Analytics wird benutzt.<\/p>\n<p>Die Ver\u00f6ffentlichung von Kommentaren und von Eintr\u00e4gen im G\u00e4stebuch behalte ich mir vor.<\/p>\n<p>Besucher-Kommentare k\u00f6nnen von einem automatisierten Dienst zur Spam-Erkennung untersucht werden.<\/p>\n<p><strong>Falls Sie mit dieser Erkl\u00e4rung nicht zufrieden sind, so meiden Sie bitte meine HomePage. Mehr kann ich mit meinen Kenntnissen und mit angemessenem bzw. zumutbarem Aufwand nicht tun.<\/strong><\/p>\n<p><strong>Verlinkung:<\/strong><\/p>\n<p>Die eingef\u00fcgten Links sind \u00fcberpr\u00fcft, aber ohne Gew\u00e4hr! Ich habe keinen Einfluss auf die Inhalte dieser Angebote.<\/p>\n<p><strong>Haftung:<\/strong><\/p>\n<p>Die Nutzung der Seite erfolgt auf eigenes Risiko.<\/p>\n","protected":false},"excerpt":{"rendered":"<p>Impressum: Dies ist eine private Internet-Pr\u00e4senz von Herbert Dressler, Luitpoldstra\u00dfe 25, D67454 Ha\u00dfloch Email: info@dressler-hassloch.de Datenschutzerkl\u00e4rung: Die Seite registriert Verbindungsdaten und benutzt Cookies sowie Analysetools, um eine bessere Struktur und bessere Bedienung zu erm\u00f6glichen oder Spam abzuwehren. Meine Seite ist mir WordPress erstellt und verwendet implizit Funktionen von Google, Komoot und Youtube. Auch Google Analytics [&hellip;]<\/p>\n","protected":false},"author":1,"featured_media":0,"parent":0,"menu_order":0,"comment_status":"open","ping_status":"open","template":"","meta":[],"_links":{"self":[{"href":"https:\/\/dressler-hassloch.de\/index.php?rest_route=\/wp\/v2\/pages\/409"}],"collection":[{"href":"https:\/\/dressler-hassloch.de\/index.php?rest_route=\/wp\/v2\/pages"}],"about":[{"href":"https:\/\/dressler-hassloch.de\/index.php?rest_route=\/wp\/v2\/types\/page"}],"author":[{"embeddable":true,"href":"https:\/\/dressler-hassloch.de\/index.php?rest_route=\/wp\/v2\/users\/1"}],"replies":[{"embeddable":true,"href":"https:\/\/dressler-hassloch.de\/index.php?rest_route=%2Fwp%2Fv2%2Fcomments&post=409"}],"version-history":[{"count":7,"href":"https:\/\/dressler-hassloch.de\/index.php?rest_route=\/wp\/v2\/pages\/409\/revisions"}],"predecessor-version":[{"id":2072,"href":"https:\/\/dressler-hassloch.de\/index.php?rest_route=\/wp\/v2\/pages\/409\/revisions\/2072"}],"wp:attachment":[{"href":"https:\/\/dressler-hassloch.de\/index.php?rest_route=%2Fwp%2Fv2%2Fmedia&parent=409"}],"curies":[{"name":"wp","href":"https:\/\/api.w.org\/{rel}","templated":true}]}}