{"id":18,"date":"2013-02-14T12:03:49","date_gmt":"2013-02-14T10:03:49","guid":{"rendered":"http:\/\/dressler-hassloch.de\/?page_id=18"},"modified":"2013-05-31T20:32:58","modified_gmt":"2013-05-31T19:32:58","slug":"hobbys","status":"publish","type":"page","link":"https:\/\/dressler-hassloch.de\/?page_id=18","title":{"rendered":"Hobbys"},"content":{"rendered":"<p>In dieser Rubrik wird sich ein gro\u00dfer Teil des WEB-Auftritts abspielen.<\/p>\n<p>Der Leser kann je nach Interesse bestimmte Aktivit\u00e4ten verfolgen.<\/p>\n<p>Beitr\u00e4ge, Anregungen, Tipps und Fragen sind immer willkommen.<\/p>\n","protected":false},"excerpt":{"rendered":"<p>In dieser Rubrik wird sich ein gro\u00dfer Teil des WEB-Auftritts abspielen. Der Leser kann je nach Interesse bestimmte Aktivit\u00e4ten verfolgen. Beitr\u00e4ge, Anregungen, Tipps und Fragen sind immer willkommen.<\/p>\n","protected":false},"author":1,"featured_media":0,"parent":0,"menu_order":0,"comment_status":"closed","ping_status":"open","template":"","meta":[],"_links":{"self":[{"href":"https:\/\/dressler-hassloch.de\/index.php?rest_route=\/wp\/v2\/pages\/18"}],"collection":[{"href":"https:\/\/dressler-hassloch.de\/index.php?rest_route=\/wp\/v2\/pages"}],"about":[{"href":"https:\/\/dressler-hassloch.de\/index.php?rest_route=\/wp\/v2\/types\/page"}],"author":[{"embeddable":true,"href":"https:\/\/dressler-hassloch.de\/index.php?rest_route=\/wp\/v2\/users\/1"}],"replies":[{"embeddable":true,"href":"https:\/\/dressler-hassloch.de\/index.php?rest_route=%2Fwp%2Fv2%2Fcomments&post=18"}],"version-history":[{"count":0,"href":"https:\/\/dressler-hassloch.de\/index.php?rest_route=\/wp\/v2\/pages\/18\/revisions"}],"wp:attachment":[{"href":"https:\/\/dressler-hassloch.de\/index.php?rest_route=%2Fwp%2Fv2%2Fmedia&parent=18"}],"curies":[{"name":"wp","href":"https:\/\/api.w.org\/{rel}","templated":true}]}}