{"id":1700,"date":"2017-11-05T16:16:03","date_gmt":"2017-11-05T15:16:03","guid":{"rendered":"http:\/\/dressler-hassloch.de\/?page_id=1700"},"modified":"2025-01-27T12:07:18","modified_gmt":"2025-01-27T11:07:18","slug":"sternbeobachtungen","status":"publish","type":"page","link":"https:\/\/dressler-hassloch.de\/?page_id=1700","title":{"rendered":"Sterne gemeinsam beobachten"},"content":{"rendered":"\n<p>Der<a href=\"https:\/\/www.pollichia.de\/aktivitaeten\/arbeitskreise\/astronomie\"> <strong>Arbeitskreis f\u00fcr Astronomie der Pollichia e.V.<\/strong> <\/a>f\u00fchrt regelm\u00e4\u00dfig offene Sternbeobachtungsabende durch. Hier ist jeder mit und ohne Teleskop bzw. Fernglas willkommen.&nbsp; Es sind meist gen\u00fcgend Teleskope und hilfsbereite Astronomiefreunde anwesend.<\/p>\n\n\n\n<p>Bei Interesse kann man auch direkt mit mir individuelle Termine vereinbaren.<\/p>\n\n\n\n<p><\/p>\n","protected":false},"excerpt":{"rendered":"<p>Der Arbeitskreis f\u00fcr Astronomie der Pollichia e.V. f\u00fchrt regelm\u00e4\u00dfig offene Sternbeobachtungsabende durch. Hier ist jeder mit und ohne Teleskop bzw. Fernglas willkommen.&nbsp; Es sind meist gen\u00fcgend Teleskope und hilfsbereite Astronomiefreunde anwesend. Bei Interesse kann man auch direkt mit mir individuelle Termine vereinbaren.<\/p>\n","protected":false},"author":1,"featured_media":0,"parent":0,"menu_order":0,"comment_status":"closed","ping_status":"open","template":"","meta":[],"_links":{"self":[{"href":"https:\/\/dressler-hassloch.de\/index.php?rest_route=\/wp\/v2\/pages\/1700"}],"collection":[{"href":"https:\/\/dressler-hassloch.de\/index.php?rest_route=\/wp\/v2\/pages"}],"about":[{"href":"https:\/\/dressler-hassloch.de\/index.php?rest_route=\/wp\/v2\/types\/page"}],"author":[{"embeddable":true,"href":"https:\/\/dressler-hassloch.de\/index.php?rest_route=\/wp\/v2\/users\/1"}],"replies":[{"embeddable":true,"href":"https:\/\/dressler-hassloch.de\/index.php?rest_route=%2Fwp%2Fv2%2Fcomments&post=1700"}],"version-history":[{"count":9,"href":"https:\/\/dressler-hassloch.de\/index.php?rest_route=\/wp\/v2\/pages\/1700\/revisions"}],"predecessor-version":[{"id":3291,"href":"https:\/\/dressler-hassloch.de\/index.php?rest_route=\/wp\/v2\/pages\/1700\/revisions\/3291"}],"wp:attachment":[{"href":"https:\/\/dressler-hassloch.de\/index.php?rest_route=%2Fwp%2Fv2%2Fmedia&parent=1700"}],"curies":[{"name":"wp","href":"https:\/\/api.w.org\/{rel}","templated":true}]}}