{"id":141,"date":"2013-02-24T22:21:22","date_gmt":"2013-02-24T21:21:22","guid":{"rendered":"http:\/\/dressler-hassloch.de\/?page_id=141"},"modified":"2014-07-01T08:28:31","modified_gmt":"2014-07-01T07:28:31","slug":"privatsphare","status":"publish","type":"page","link":"https:\/\/dressler-hassloch.de\/?page_id=141","title":{"rendered":"Privatsph\u00e4re"},"content":{"rendered":"<p>Dies soll ein \u00f6ffentlich zug\u00e4nglicher Blog sein, aber trotzdem soll die Privatsp\u00e4re der beteiligten Personen gesch\u00fctzt werden.<\/p>\n<p>Deswegen gebe ich mir einige Regeln:<\/p>\n<ul>\n<li>Namen werden h\u00f6chsten mit &#8220;Initialen&#8221; angedeutet.<\/li>\n<li>Das gilt auch f\u00fcr Orte und andere Daten.<\/li>\n<li>Adressen, Email-Adressen und Telefonnummern werden nicht genannt.<\/li>\n<li>Es gibt keine Portr\u00e4ts, keine Personenbilder und keine Gruppenbilder.<\/li>\n<li>Kommentare werden nicht ohne R\u00fccksprache ver\u00f6ffentlicht.<\/li>\n<\/ul>\n<p>Die Daten auf der &#8220;Homepage&#8221; sind gut \u00fcberlegt und abgestimmt.<\/p>\n<p><strong>Bei Bedenken gegen irgendwelche Inhalte bitte m\u00f6glichst schnell Kontakt mit mir aufnehmen!<\/strong><\/p>\n<p>&nbsp;<\/p>\n","protected":false},"excerpt":{"rendered":"<p>Dies soll ein \u00f6ffentlich zug\u00e4nglicher Blog sein, aber trotzdem soll die Privatsp\u00e4re der beteiligten Personen gesch\u00fctzt werden. Deswegen gebe ich mir einige Regeln: Namen werden h\u00f6chsten mit &#8220;Initialen&#8221; angedeutet. Das gilt auch f\u00fcr Orte und andere Daten. Adressen, Email-Adressen und Telefonnummern werden nicht genannt. Es gibt keine Portr\u00e4ts, keine Personenbilder und keine Gruppenbilder. Kommentare werden [&hellip;]<\/p>\n","protected":false},"author":1,"featured_media":0,"parent":0,"menu_order":0,"comment_status":"open","ping_status":"open","template":"","meta":[],"_links":{"self":[{"href":"https:\/\/dressler-hassloch.de\/index.php?rest_route=\/wp\/v2\/pages\/141"}],"collection":[{"href":"https:\/\/dressler-hassloch.de\/index.php?rest_route=\/wp\/v2\/pages"}],"about":[{"href":"https:\/\/dressler-hassloch.de\/index.php?rest_route=\/wp\/v2\/types\/page"}],"author":[{"embeddable":true,"href":"https:\/\/dressler-hassloch.de\/index.php?rest_route=\/wp\/v2\/users\/1"}],"replies":[{"embeddable":true,"href":"https:\/\/dressler-hassloch.de\/index.php?rest_route=%2Fwp%2Fv2%2Fcomments&post=141"}],"version-history":[{"count":0,"href":"https:\/\/dressler-hassloch.de\/index.php?rest_route=\/wp\/v2\/pages\/141\/revisions"}],"wp:attachment":[{"href":"https:\/\/dressler-hassloch.de\/index.php?rest_route=%2Fwp%2Fv2%2Fmedia&parent=141"}],"curies":[{"name":"wp","href":"https:\/\/api.w.org\/{rel}","templated":true}]}}